{"id":138,"date":"2021-10-22T10:07:43","date_gmt":"2021-10-22T10:07:43","guid":{"rendered":"https:\/\/www.ohlalatacos.com\/?page_id=138"},"modified":"2021-12-22T13:05:58","modified_gmt":"2021-12-22T13:05:58","slug":"nuestro-secreto","status":"publish","type":"page","link":"https:\/\/www.ohlalatacos.com\/?page_id=138","title":{"rendered":"Nuestro Secreto"},"content":{"rendered":"\t\t<div data-elementor-type=\"wp-page\" data-elementor-id=\"138\" class=\"elementor elementor-138\">\n\t\t\t\t\t\t<section class=\"elementor-section elementor-top-section elementor-element elementor-element-5bc2b33b elementor-section-full_width elementor-section-content-middle elementor-section-height-default elementor-section-height-default\" data-id=\"5bc2b33b\" data-element_type=\"section\" data-settings=\"{&quot;background_background&quot;:&quot;classic&quot;}\">\n\t\t\t\t\t\t\t<div class=\"elementor-background-overlay\"><\/div>\n\t\t\t\t\t\t\t<div class=\"elementor-container elementor-column-gap-no\">\n\t\t\t\t\t<div class=\"elementor-column elementor-col-100 elementor-top-column elementor-element elementor-element-28888bd6\" data-id=\"28888bd6\" data-element_type=\"column\">\n\t\t\t<div class=\"elementor-widget-wrap elementor-element-populated\">\n\t\t\t\t\t\t<div class=\"elementor-element elementor-element-52e0c807 elementor--h-position-center elementor--v-position-middle elementor-pagination-position-inside elementor-widget elementor-widget-slides\" data-id=\"52e0c807\" data-element_type=\"widget\" data-settings=\"{&quot;navigation&quot;:&quot;dots&quot;,&quot;autoplay&quot;:&quot;yes&quot;,&quot;pause_on_hover&quot;:&quot;yes&quot;,&quot;pause_on_interaction&quot;:&quot;yes&quot;,&quot;autoplay_speed&quot;:5000,&quot;infinite&quot;:&quot;yes&quot;,&quot;transition&quot;:&quot;slide&quot;,&quot;transition_speed&quot;:500}\" data-widget_type=\"slides.default\">\n\t\t\t\t<div class=\"elementor-widget-container\">\n\t\t\t\t\t\t\t<div class=\"elementor-swiper\">\n\t\t\t<div class=\"elementor-slides-wrapper elementor-main-swiper swiper-container\" dir=\"ltr\" data-animation=\"\">\n\t\t\t\t<div class=\"swiper-wrapper elementor-slides\">\n\t\t\t\t\t\t\t\t\t\t<div class=\"elementor-repeater-item-2k3wi62 swiper-slide\"><div class=\"swiper-slide-bg\"><\/div><div class=\"swiper-slide-inner\" ><div class=\"swiper-slide-contents\"><div class=\"elementor-slide-heading\">Ohl\u00e0l\u00e0 Tacos<\/div><\/div><\/div><\/div><div class=\"elementor-repeater-item-a4urvg2 swiper-slide\"><div class=\"swiper-slide-bg\"><\/div><a class=\"swiper-slide-inner\" href=\"https:\/\/cloudclient28.hiopos.com\/portalrest\/#\/when-deliver\/false\"><div class=\"swiper-slide-contents\"><div class=\"elementor-slide-heading\">Ohl\u00e0l\u00e0 Tacos<\/div><div  class=\"elementor-button elementor-slide-button elementor-size-sm\">HAZ TU PEDIDO<\/div><\/div><\/a><\/div><div class=\"elementor-repeater-item-wg5vp7y swiper-slide\"><div class=\"swiper-slide-bg\"><\/div><div class=\"swiper-slide-inner\" ><div class=\"swiper-slide-contents\"><div class=\"elementor-slide-heading\">Ohl\u00e0l\u00e0 Tacos<\/div><div  class=\"elementor-button elementor-slide-button elementor-size-sm\">Haz tu pedido<\/div><\/div><\/div><\/div>\t\t\t\t<\/div>\n\t\t\t\t\t\t\t\t\t\t\t\t\t\t\t<div class=\"swiper-pagination\"><\/div>\n\t\t\t\t\t\t\t\t\t\t\t\t\t\t\t\t\t<\/div>\n\t\t<\/div>\n\t\t\t\t\t\t<\/div>\n\t\t\t\t<\/div>\n\t\t\t\t\t<\/div>\n\t\t<\/div>\n\t\t\t\t\t<\/div>\n\t\t<\/section>\n\t\t\t\t<section class=\"elementor-section elementor-top-section elementor-element elementor-element-4e4e8f7 elementor-section-content-middle elementor-reverse-mobile elementor-section-boxed elementor-section-height-default elementor-section-height-default\" data-id=\"4e4e8f7\" data-element_type=\"section\" data-settings=\"{&quot;background_background&quot;:&quot;classic&quot;}\">\n\t\t\t\t\t\t<div class=\"elementor-container elementor-column-gap-default\">\n\t\t\t\t\t<div class=\"elementor-column elementor-col-50 elementor-top-column elementor-element elementor-element-565dc372\" data-id=\"565dc372\" data-element_type=\"column\">\n\t\t\t<div class=\"elementor-widget-wrap elementor-element-populated\">\n\t\t\t\t\t\t<div class=\"elementor-element elementor-element-4c89fc05 elementor-widget elementor-widget-image\" data-id=\"4c89fc05\" data-element_type=\"widget\" data-widget_type=\"image.default\">\n\t\t\t\t<div class=\"elementor-widget-container\">\n\t\t\t\t\t\t\t\t\t\t\t\t\t\t\t<img fetchpriority=\"high\" decoding=\"async\" width=\"580\" height=\"580\" src=\"https:\/\/www.ohlalatacos.com\/wp-content\/uploads\/2021\/12\/trabaja-1024x1024.png\" class=\"attachment-large size-large wp-image-719\" alt=\"\" srcset=\"https:\/\/www.ohlalatacos.com\/wp-content\/uploads\/2021\/12\/trabaja-1024x1024.png 1024w, https:\/\/www.ohlalatacos.com\/wp-content\/uploads\/2021\/12\/trabaja-300x300.png 300w, https:\/\/www.ohlalatacos.com\/wp-content\/uploads\/2021\/12\/trabaja-150x150.png 150w, https:\/\/www.ohlalatacos.com\/wp-content\/uploads\/2021\/12\/trabaja-768x768.png 768w, https:\/\/www.ohlalatacos.com\/wp-content\/uploads\/2021\/12\/trabaja.png 1080w\" sizes=\"(max-width: 580px) 100vw, 580px\" \/>\t\t\t\t\t\t\t\t\t\t\t\t\t\t\t<\/div>\n\t\t\t\t<\/div>\n\t\t\t\t<div class=\"elementor-element elementor-element-231c42e elementor-widget elementor-widget-video\" data-id=\"231c42e\" data-element_type=\"widget\" data-settings=\"{&quot;video_type&quot;:&quot;hosted&quot;,&quot;start&quot;:1,&quot;autoplay&quot;:&quot;yes&quot;,&quot;play_on_mobile&quot;:&quot;yes&quot;,&quot;mute&quot;:&quot;yes&quot;,&quot;loop&quot;:&quot;yes&quot;}\" data-widget_type=\"video.default\">\n\t\t\t\t<div class=\"elementor-widget-container\">\n\t\t\t\t\t\t\t<div class=\"e-hosted-video elementor-wrapper elementor-open-inline\">\n\t\t\t\t\t<video class=\"elementor-video\" src=\"https:\/\/www.ohlalatacos.com\/wp-content\/uploads\/2021\/12\/salsas.mp4#t=1\" autoplay=\"\" loop=\"\" muted=\"muted\" playsinline=\"\" controlsList=\"nodownload\"><\/video>\n\t\t\t\t<\/div>\n\t\t\t\t\t\t<\/div>\n\t\t\t\t<\/div>\n\t\t\t\t\t<\/div>\n\t\t<\/div>\n\t\t\t\t<div class=\"elementor-column elementor-col-50 elementor-top-column elementor-element elementor-element-76c55dd0\" data-id=\"76c55dd0\" data-element_type=\"column\">\n\t\t\t<div class=\"elementor-widget-wrap elementor-element-populated\">\n\t\t\t\t\t\t<div class=\"elementor-element elementor-element-4bf29452 elementor-widget elementor-widget-heading\" data-id=\"4bf29452\" data-element_type=\"widget\" data-widget_type=\"heading.default\">\n\t\t\t\t<div class=\"elementor-widget-container\">\n\t\t\t\t\t<h2 class=\"elementor-heading-title elementor-size-default\">Secretos de nuestra Salsa<\/h2>\t\t\t\t<\/div>\n\t\t\t\t<\/div>\n\t\t\t\t<div class=\"elementor-element elementor-element-3181a6a2 elementor-widget elementor-widget-text-editor\" data-id=\"3181a6a2\" data-element_type=\"widget\" data-widget_type=\"text-editor.default\">\n\t\t\t\t<div class=\"elementor-widget-container\">\n\t\t\t\t\t\t\t\t\t<p><strong>Nuestra salsa<em>&nbsp;<\/em><\/strong>es una de <em>las<\/em> claves que hacen especiales a los <strong>tacos franceses.&nbsp;<\/strong><\/p>\n<p>Gusta a peque\u00f1os y mayores, aunque hay que saber elaborarla de manera cuidadosa, consiguiendo esa sedosa <strong>textura<\/strong>, un <strong>sabor<\/strong> inolvidable y un <strong>aroma<\/strong> inconfundible.<\/p>\n<p><br><\/p>\t\t\t\t\t\t\t\t<\/div>\n\t\t\t\t<\/div>\n\t\t\t\t\t<\/div>\n\t\t<\/div>\n\t\t\t\t\t<\/div>\n\t\t<\/section>\n\t\t\t\t<section class=\"elementor-section elementor-top-section elementor-element elementor-element-4cec9cd elementor-section-boxed elementor-section-height-default elementor-section-height-default\" data-id=\"4cec9cd\" data-element_type=\"section\">\n\t\t\t\t\t\t<div class=\"elementor-container elementor-column-gap-default\">\n\t\t\t\t\t<div class=\"elementor-column elementor-col-100 elementor-top-column elementor-element elementor-element-734df17d\" data-id=\"734df17d\" data-element_type=\"column\">\n\t\t\t<div class=\"elementor-widget-wrap elementor-element-populated\">\n\t\t\t\t\t\t<div class=\"elementor-element elementor-element-7fa84d1d elementor-widget elementor-widget-heading\" data-id=\"7fa84d1d\" data-element_type=\"widget\" data-widget_type=\"heading.default\">\n\t\t\t\t<div class=\"elementor-widget-container\">\n\t\t\t\t\t<h3 class=\"elementor-heading-title elementor-size-default\">Nuestros platos<\/h3>\t\t\t\t<\/div>\n\t\t\t\t<\/div>\n\t\t\t\t<section class=\"elementor-section elementor-inner-section elementor-element elementor-element-2e7c2e4e elementor-section-boxed elementor-section-height-default elementor-section-height-default\" data-id=\"2e7c2e4e\" data-element_type=\"section\">\n\t\t\t\t\t\t<div class=\"elementor-container elementor-column-gap-no\">\n\t\t\t\t\t<div class=\"elementor-column elementor-col-20 elementor-inner-column elementor-element elementor-element-7b78fe63\" data-id=\"7b78fe63\" data-element_type=\"column\">\n\t\t\t<div class=\"elementor-widget-wrap elementor-element-populated\">\n\t\t\t\t\t\t<div class=\"elementor-element elementor-element-22585901 elementor-position-top elementor-widget elementor-widget-image-box\" data-id=\"22585901\" data-element_type=\"widget\" data-widget_type=\"image-box.default\">\n\t\t\t\t<div class=\"elementor-widget-container\">\n\t\t\t\t\t<div class=\"elementor-image-box-wrapper\"><figure class=\"elementor-image-box-img\"><img decoding=\"async\" width=\"540\" height=\"540\" src=\"https:\/\/www.ohlalatacos.com\/wp-content\/uploads\/2021\/12\/Tu-queso-favorito-.jpg\" class=\"attachment-full size-full wp-image-747\" alt=\"\" srcset=\"https:\/\/www.ohlalatacos.com\/wp-content\/uploads\/2021\/12\/Tu-queso-favorito-.jpg 540w, https:\/\/www.ohlalatacos.com\/wp-content\/uploads\/2021\/12\/Tu-queso-favorito--300x300.jpg 300w, https:\/\/www.ohlalatacos.com\/wp-content\/uploads\/2021\/12\/Tu-queso-favorito--150x150.jpg 150w\" sizes=\"(max-width: 540px) 100vw, 540px\" \/><\/figure><div class=\"elementor-image-box-content\"><h3 class=\"elementor-image-box-title\">Cu\u00e1l es tu queso favorito<\/h3><\/div><\/div>\t\t\t\t<\/div>\n\t\t\t\t<\/div>\n\t\t\t\t\t<\/div>\n\t\t<\/div>\n\t\t\t\t<div class=\"elementor-column elementor-col-20 elementor-inner-column elementor-element elementor-element-11a12f2c\" data-id=\"11a12f2c\" data-element_type=\"column\">\n\t\t\t<div class=\"elementor-widget-wrap elementor-element-populated\">\n\t\t\t\t\t\t<div class=\"elementor-element elementor-element-7904d1ec elementor-position-top elementor-widget elementor-widget-image-box\" data-id=\"7904d1ec\" data-element_type=\"widget\" data-widget_type=\"image-box.default\">\n\t\t\t\t<div class=\"elementor-widget-container\">\n\t\t\t\t\t<div class=\"elementor-image-box-wrapper\"><figure class=\"elementor-image-box-img\"><img decoding=\"async\" width=\"540\" height=\"540\" src=\"https:\/\/www.ohlalatacos.com\/wp-content\/uploads\/2021\/12\/Combo-para-4.jpg\" class=\"attachment-medium_large size-medium_large wp-image-745\" alt=\"\" srcset=\"https:\/\/www.ohlalatacos.com\/wp-content\/uploads\/2021\/12\/Combo-para-4.jpg 540w, https:\/\/www.ohlalatacos.com\/wp-content\/uploads\/2021\/12\/Combo-para-4-300x300.jpg 300w, https:\/\/www.ohlalatacos.com\/wp-content\/uploads\/2021\/12\/Combo-para-4-150x150.jpg 150w\" sizes=\"(max-width: 540px) 100vw, 540px\" \/><\/figure><div class=\"elementor-image-box-content\"><h3 class=\"elementor-image-box-title\">Combo Ohl\u00e0l\u00e0 para 4 personas<\/h3><\/div><\/div>\t\t\t\t<\/div>\n\t\t\t\t<\/div>\n\t\t\t\t\t<\/div>\n\t\t<\/div>\n\t\t\t\t<div class=\"elementor-column elementor-col-20 elementor-inner-column elementor-element elementor-element-49d0c1d\" data-id=\"49d0c1d\" data-element_type=\"column\">\n\t\t\t<div class=\"elementor-widget-wrap elementor-element-populated\">\n\t\t\t\t\t\t<div class=\"elementor-element elementor-element-2a75e3d4 elementor-position-top elementor-widget elementor-widget-image-box\" data-id=\"2a75e3d4\" data-element_type=\"widget\" data-widget_type=\"image-box.default\">\n\t\t\t\t<div class=\"elementor-widget-container\">\n\t\t\t\t\t<div class=\"elementor-image-box-wrapper\"><figure class=\"elementor-image-box-img\"><img loading=\"lazy\" decoding=\"async\" width=\"540\" height=\"540\" src=\"https:\/\/www.ohlalatacos.com\/wp-content\/uploads\/2021\/12\/Taco-Vegano.jpg\" class=\"attachment-medium_large size-medium_large wp-image-746\" alt=\"\" srcset=\"https:\/\/www.ohlalatacos.com\/wp-content\/uploads\/2021\/12\/Taco-Vegano.jpg 540w, https:\/\/www.ohlalatacos.com\/wp-content\/uploads\/2021\/12\/Taco-Vegano-300x300.jpg 300w, https:\/\/www.ohlalatacos.com\/wp-content\/uploads\/2021\/12\/Taco-Vegano-150x150.jpg 150w\" sizes=\"(max-width: 540px) 100vw, 540px\" \/><\/figure><div class=\"elementor-image-box-content\"><h3 class=\"elementor-image-box-title\">Taco vegetariano<\/h3><\/div><\/div>\t\t\t\t<\/div>\n\t\t\t\t<\/div>\n\t\t\t\t\t<\/div>\n\t\t<\/div>\n\t\t\t\t<div class=\"elementor-column elementor-col-20 elementor-inner-column elementor-element elementor-element-19037b4d\" data-id=\"19037b4d\" data-element_type=\"column\">\n\t\t\t<div class=\"elementor-widget-wrap elementor-element-populated\">\n\t\t\t\t\t\t<div class=\"elementor-element elementor-element-3fa66470 elementor-position-top elementor-widget elementor-widget-image-box\" data-id=\"3fa66470\" data-element_type=\"widget\" data-widget_type=\"image-box.default\">\n\t\t\t\t<div class=\"elementor-widget-container\">\n\t\t\t\t\t<div class=\"elementor-image-box-wrapper\"><figure class=\"elementor-image-box-img\"><img loading=\"lazy\" decoding=\"async\" width=\"540\" height=\"540\" src=\"https:\/\/www.ohlalatacos.com\/wp-content\/uploads\/2021\/12\/Carne-Patatas-quesos_salsa_extras-a-elegir-y-una-salsa-de-queso-deliciona.jpg\" class=\"attachment-medium_large size-medium_large wp-image-744\" alt=\"\" srcset=\"https:\/\/www.ohlalatacos.com\/wp-content\/uploads\/2021\/12\/Carne-Patatas-quesos_salsa_extras-a-elegir-y-una-salsa-de-queso-deliciona.jpg 540w, https:\/\/www.ohlalatacos.com\/wp-content\/uploads\/2021\/12\/Carne-Patatas-quesos_salsa_extras-a-elegir-y-una-salsa-de-queso-deliciona-300x300.jpg 300w, https:\/\/www.ohlalatacos.com\/wp-content\/uploads\/2021\/12\/Carne-Patatas-quesos_salsa_extras-a-elegir-y-una-salsa-de-queso-deliciona-150x150.jpg 150w\" sizes=\"(max-width: 540px) 100vw, 540px\" \/><\/figure><div class=\"elementor-image-box-content\"><h3 class=\"elementor-image-box-title\">Carne, Patatas, quesos, salsa, extras a elegir y una salsa de queso deliciosa<\/h3><\/div><\/div>\t\t\t\t<\/div>\n\t\t\t\t<\/div>\n\t\t\t\t\t<\/div>\n\t\t<\/div>\n\t\t\t\t<div class=\"elementor-column elementor-col-20 elementor-inner-column elementor-element elementor-element-12629522\" data-id=\"12629522\" data-element_type=\"column\">\n\t\t\t<div class=\"elementor-widget-wrap elementor-element-populated\">\n\t\t\t\t\t\t<div class=\"elementor-element elementor-element-6500b1d0 elementor-position-top elementor-widget elementor-widget-image-box\" data-id=\"6500b1d0\" data-element_type=\"widget\" data-widget_type=\"image-box.default\">\n\t\t\t\t<div class=\"elementor-widget-container\">\n\t\t\t\t\t<div class=\"elementor-image-box-wrapper\"><figure class=\"elementor-image-box-img\"><img loading=\"lazy\" decoding=\"async\" width=\"540\" height=\"540\" src=\"https:\/\/www.ohlalatacos.com\/wp-content\/uploads\/2021\/12\/Fratinado.jpg\" class=\"attachment-full size-full wp-image-749\" alt=\"\" srcset=\"https:\/\/www.ohlalatacos.com\/wp-content\/uploads\/2021\/12\/Fratinado.jpg 540w, https:\/\/www.ohlalatacos.com\/wp-content\/uploads\/2021\/12\/Fratinado-300x300.jpg 300w, https:\/\/www.ohlalatacos.com\/wp-content\/uploads\/2021\/12\/Fratinado-150x150.jpg 150w\" sizes=\"(max-width: 540px) 100vw, 540px\" \/><\/figure><div class=\"elementor-image-box-content\"><h3 class=\"elementor-image-box-title\">Tacos gratinados<\/h3><\/div><\/div>\t\t\t\t<\/div>\n\t\t\t\t<\/div>\n\t\t\t\t\t<\/div>\n\t\t<\/div>\n\t\t\t\t\t<\/div>\n\t\t<\/section>\n\t\t\t\t<div class=\"elementor-element elementor-element-31664c7c elementor-align-center elementor-widget elementor-widget-button\" data-id=\"31664c7c\" data-element_type=\"widget\" data-widget_type=\"button.default\">\n\t\t\t\t<div class=\"elementor-widget-container\">\n\t\t\t\t\t\t\t\t\t<div class=\"elementor-button-wrapper\">\n\t\t\t\t\t<a class=\"elementor-button elementor-button-link elementor-size-md\" href=\"https:\/\/cloudclient28.hiopos.com\/portalrest\/#\/shop-letter\/38128\/144989\">\n\t\t\t\t\t\t<span class=\"elementor-button-content-wrapper\">\n\t\t\t\t\t\t\t\t\t<span class=\"elementor-button-text\">Ver nuestra carta<\/span>\n\t\t\t\t\t<\/span>\n\t\t\t\t\t<\/a>\n\t\t\t\t<\/div>\n\t\t\t\t\t\t\t\t<\/div>\n\t\t\t\t<\/div>\n\t\t\t\t\t<\/div>\n\t\t<\/div>\n\t\t\t\t\t<\/div>\n\t\t<\/section>\n\t\t\t\t<\/div>\n\t\t","protected":false},"excerpt":{"rendered":"<p>Ohl\u00e0l\u00e0 TacosOhl\u00e0l\u00e0 TacosHAZ TU PEDIDOOhl\u00e0l\u00e0 TacosHaz tu pedido https:\/\/www.ohlalatacos.com\/wp-content\/uploads\/2021\/12\/salsas.mp4#t=1 Secretos de nuestra Salsa Nuestra salsa&nbsp;es una de las claves que hacen especiales a los tacos franceses.&nbsp; Gusta a peque\u00f1os y mayores, aunque hay que saber elaborarla de manera cuidadosa, consiguiendo esa sedosa textura, un sabor inolvidable y un aroma inconfundible. Nuestros platos Cu\u00e1l es tu [&hellip;]<\/p>\n","protected":false},"author":1,"featured_media":0,"parent":0,"menu_order":0,"comment_status":"closed","ping_status":"closed","template":"elementor_header_footer","meta":{"footnotes":""},"class_list":["post-138","page","type-page","status-publish","hentry"],"_links":{"self":[{"href":"https:\/\/www.ohlalatacos.com\/index.php?rest_route=\/wp\/v2\/pages\/138","targetHints":{"allow":["GET"]}}],"collection":[{"href":"https:\/\/www.ohlalatacos.com\/index.php?rest_route=\/wp\/v2\/pages"}],"about":[{"href":"https:\/\/www.ohlalatacos.com\/index.php?rest_route=\/wp\/v2\/types\/page"}],"author":[{"embeddable":true,"href":"https:\/\/www.ohlalatacos.com\/index.php?rest_route=\/wp\/v2\/users\/1"}],"replies":[{"embeddable":true,"href":"https:\/\/www.ohlalatacos.com\/index.php?rest_route=%2Fwp%2Fv2%2Fcomments&post=138"}],"version-history":[{"count":52,"href":"https:\/\/www.ohlalatacos.com\/index.php?rest_route=\/wp\/v2\/pages\/138\/revisions"}],"predecessor-version":[{"id":853,"href":"https:\/\/www.ohlalatacos.com\/index.php?rest_route=\/wp\/v2\/pages\/138\/revisions\/853"}],"wp:attachment":[{"href":"https:\/\/www.ohlalatacos.com\/index.php?rest_route=%2Fwp%2Fv2%2Fmedia&parent=138"}],"curies":[{"name":"wp","href":"https:\/\/api.w.org\/{rel}","templated":true}]}}